{"id":626,"date":"2018-06-04T08:39:46","date_gmt":"2018-06-04T08:39:46","guid":{"rendered":"http:\/\/stressbewaeltigung-bonn.de\/?page_id=626"},"modified":"2019-10-23T09:33:06","modified_gmt":"2019-10-23T09:33:06","slug":"impressum","status":"publish","type":"page","link":"https:\/\/stressbewaeltigung-bonn.de\/?page_id=626","title":{"rendered":"IMPRESSUM"},"content":{"rendered":"<section  id=\"section-69e3f06ae717f\" class=\" fw-main-row  auto  tf-sh-e23731ecda959a6f6bc0fab8cbb0793d \"  style=\"   \"  >\n\t\t\t<div class=\"fw-container\" >\n\t\t<div class=\"fw-row\">\n\t<div id=\"column-5801a2a25e5ec8cd8c8eebec4c85cbea\" class=\"fw-col-sm-12 tf-sh-5801a2a25e5ec8cd8c8eebec4c85cbea\" >\n\t<div class=\"fw-main-row-overlay\"><\/div>\n\t<div class=\"fw-col-inner\">\n\t\t<div class=\"fw-heading fw-heading-left  tf-sh-38d23b30134c2fa0e52e27443d2c25d9\" >\n\t\t\t<h2 class=\"fw-special-title\">Impressum<\/h2>\n\t\n\t\n\t<\/div><div class=\"fw-text-box tf-sh-d3000be436babafc0a40048b3641d32b \" >\n\t<div class=\"fw-text-inner\">\n\t\t<p><strong>Angaben gem\u00e4\u00df \u00a7 5 TMG<\/strong><br \/>Ulrike Montasser de Jong<br \/>Gesundheitscoaching<br \/>Beethovenallee 14b<br \/>53173 Bonn<\/p>\n<p><strong>Kontakt<\/strong><br \/>Telefon: 0228 - 3698840<br \/>Telefax: 0228 - 3698840<br \/>E-Mail: info[at]gesundheitscoaching-bonn.de<\/p>\n<p><strong>Aufsichtsbeh\u00f6rde<\/strong><br \/>Gesundheitsamt Bonn<br \/>Engeltalstra\u00dfe 6<br \/>53 111 Bonn<br \/>https:\/\/www.bonn.de\/vv\/oe\/_\/Dez._II\/53\/Gesundheitsamt.php<\/p>\n<p><strong>Berufsbezeichnung und berufsrechtliche Regelungen<\/strong><br \/>Berufsbezeichnung: Heilpraktikerin f\u00fcr Psychotherapie<br \/>Zust\u00e4ndige Kammer:<br \/>Verliehen durch:<br \/>Es gelten folgende berufsrechtliche Regelungen: Heilpraktikergesetz, Durchf\u00fchrungsverordnung zum<br \/>Heilpraktikergesetz, Berufsordnung f\u00fcr Heilpraktiker<br \/>Regelungen einsehbar unter:<\/p>\n<p>https:\/\/www.therapie.de\/psyche\/info\/ratgeber\/links\/berufsrechtliche-regelungen\/regelungen-fuer-<br \/>heilpraktiker\/<\/p>\n<p><strong>Angaben zur Berufshaftpflichtversicherung<\/strong><br \/>Name und Sitz des Versicherers:<br \/>falls keine Berufshaftpflichtversicherung besteht, diesen Abschnitt l\u00f6schen, ansonsten geben Sie bitte den\u00a0 Namen und die Adresse der Versicherungsgesellschaft an.<\/p>\n<p><strong>Geltungsraum der Versicherung:<\/strong><br \/>Deutschland<br \/>Streitschlichtung<br \/>Die Europ\u00e4ische Kommission stellt eine Plattform zur Online-Streitbeilegung (OS) bereit:<br \/>https:\/\/ec.europa.eu\/consumers\/odr.<br \/>Unsere E-Mail-Adresse finden Sie oben im Impressum.<br \/>Wir sind nicht bereit oder verpflichtet, an Streitbeilegungsverfahren vor einer<br \/>Verbraucherschlichtungsstelle teilzunehmen.<br \/>Haftung f\u00fcr Inhalte<br \/>Als Diensteanbieter sind wir gem\u00e4\u00df \u00a7 7 Abs.1 TMG f\u00fcr eigene Inhalte auf diesen Seiten nach den<br \/>allgemeinen Gesetzen verantwortlich. Nach \u00a7\u00a7 8 bis 10 TMG sind wir als Diensteanbieter jedoch nicht<br \/>verpflichtet, \u00fcbermittelte oder gespeicherte fremde Informationen zu \u00fcberwachen oder nach Umst\u00e4nden zu forschen, die auf eine rechtswidrige T\u00e4tigkeit hinweisen. Verpflichtungen zur Entfernung oder Sperrung der Nutzung von Informationen nach den allgemeinen Gesetzen bleiben hiervon unber\u00fchrt. Eine diesbez\u00fcgliche Haftung ist jedoch erst ab dem Zeitpunkt der Kenntnis einer konkreten Rechtsverletzung m\u00f6glich. Bei Bekanntwerden von entsprechenden Rechtsverletzungen werden wir diese Inhalte umgehend entfernen.<br \/>Haftung f\u00fcr Links<br \/>Unser Angebot enth\u00e4lt Links zu externen Websites Dritter, auf deren Inhalte wir keinen Einfluss haben.<br \/>Deshalb k\u00f6nnen wir f\u00fcr diese fremden Inhalte auch keine Gew\u00e4hr \u00fcbernehmen. F\u00fcr die Inhalte der<br \/>verlinkten Seiten ist stets der jeweilige Anbieter oder Betreiber der Seiten verantwortlich. Die verlinkten<br \/>Seiten wurden zum Zeitpunkt der Verlinkung auf m\u00f6gliche Rechtsverst\u00f6\u00dfe \u00fcberpr\u00fcft. Rechtswidrige Inhalte waren zum Zeitpunkt der Verlinkung nicht erkennbar.<br \/>Eine permanente inhaltliche Kontrolle der verlinkten Seiten ist jedoch ohne konkrete Anhaltspunkte einer<br \/>Rechtsverletzung nicht zumutbar. Bei Bekanntwerden von Rechtsverletzungen werden wir derartige Links<br \/>umgehend entfernen.<br \/>Urheberrecht<br \/>Die durch die Seitenbetreiber erstellten Inhalte und Werke auf diesen Seiten unterliegen dem deutschen<br \/>Urheberrecht. Die Vervielf\u00e4ltigung, Bearbeitung, Verbreitung und jede Art der Verwertung au\u00dferhalb der Grenzen des Urheberrechtes bed\u00fcrfen der schriftlichen Zustimmung des jeweiligen Autors bzw. Erstellers.<br \/>Downloads und Kopien dieser Seite sind nur f\u00fcr den privaten, nicht kommerziellen Gebrauch gestattet.<br \/>Soweit die Inhalte auf dieser Seite nicht vom Betreiber erstellt wurden, werden die Urheberrechte Dritter<br \/>beachtet. Insbesondere werden Inhalte Dritter als solche gekennzeichnet. Sollten Sie trotzdem auf eine<br \/>Urheberrechtsverletzung aufmerksam werden, bitten wir um einen entsprechenden Hinweis. Bei<br \/>Bekanntwerden von Rechtsverletzungen werden wir derartige Inhalte umgehend entfernen.<\/p>\n\t<\/div>\n<\/div>\t<\/div>\n<\/div><\/div>\n\n\t<\/div>\n\t<\/section>\n","protected":false},"excerpt":{"rendered":"<p>Impressum Angaben gem\u00e4\u00df \u00a7 5 TMGUlrike Montasser de JongGesundheitscoachingBeethovenallee 14b53173 Bonn KontaktTelefon: 0228 &#8211; 3698840Telefax: 0228 &#8211; 3698840E-Mail: info[at]gesundheitscoaching-bonn.de Aufsichtsbeh\u00f6rdeGesundheitsamt BonnEngeltalstra\u00dfe 653 111 Bonnhttps:\/\/www.bonn.de\/vv\/oe\/_\/Dez._II\/53\/Gesundheitsamt.php Berufsbezeichnung und berufsrechtliche RegelungenBerufsbezeichnung: Heilpraktikerin f\u00fcr PsychotherapieZust\u00e4ndige Kammer:Verliehen durch:Es gelten folgende berufsrechtliche Regelungen: Heilpraktikergesetz, Durchf\u00fchrungsverordnung zumHeilpraktikergesetz, Berufsordnung f\u00fcr HeilpraktikerRegelungen einsehbar unter: https:\/\/www.therapie.de\/psyche\/info\/ratgeber\/links\/berufsrechtliche-regelungen\/regelungen-fuer-heilpraktiker\/ Angaben zur BerufshaftpflichtversicherungName und Sitz des Versicherers:falls keine Berufshaftpflichtversicherung [&hellip;]<\/p>\n","protected":false},"author":1,"featured_media":0,"parent":0,"menu_order":0,"comment_status":"closed","ping_status":"closed","template":"visual-builder-template.php","meta":{"footnotes":""},"class_list":["post-626","page","type-page","status-publish","hentry"],"_links":{"self":[{"href":"https:\/\/stressbewaeltigung-bonn.de\/index.php?rest_route=\/wp\/v2\/pages\/626"}],"collection":[{"href":"https:\/\/stressbewaeltigung-bonn.de\/index.php?rest_route=\/wp\/v2\/pages"}],"about":[{"href":"https:\/\/stressbewaeltigung-bonn.de\/index.php?rest_route=\/wp\/v2\/types\/page"}],"author":[{"embeddable":true,"href":"https:\/\/stressbewaeltigung-bonn.de\/index.php?rest_route=\/wp\/v2\/users\/1"}],"replies":[{"embeddable":true,"href":"https:\/\/stressbewaeltigung-bonn.de\/index.php?rest_route=%2Fwp%2Fv2%2Fcomments&post=626"}],"version-history":[{"count":8,"href":"https:\/\/stressbewaeltigung-bonn.de\/index.php?rest_route=\/wp\/v2\/pages\/626\/revisions"}],"predecessor-version":[{"id":793,"href":"https:\/\/stressbewaeltigung-bonn.de\/index.php?rest_route=\/wp\/v2\/pages\/626\/revisions\/793"}],"wp:attachment":[{"href":"https:\/\/stressbewaeltigung-bonn.de\/index.php?rest_route=%2Fwp%2Fv2%2Fmedia&parent=626"}],"curies":[{"name":"wp","href":"https:\/\/api.w.org\/{rel}","templated":true}]}}