{"id":4,"date":"2016-08-26T09:25:16","date_gmt":"2016-08-26T09:25:16","guid":{"rendered":"http:\/\/stressbewaeltigung-bonn.de\/?page_id=4"},"modified":"2018-06-27T06:34:43","modified_gmt":"2018-06-27T06:34:43","slug":"home","status":"publish","type":"page","link":"https:\/\/stressbewaeltigung-bonn.de\/","title":{"rendered":"START"},"content":{"rendered":"<p><section  id=\"section-69e3d88ecf610\" class=\" fw-main-row-custom fw-main-row-top fw-section-no-padding  fw_theme_bg_fw-custom fw-section-image auto  tf-sh-9f48c26920ba024178981967f9e9029b \"  style=\"  background-image:url(http:\/\/stressbewaeltigung-bonn.de\/wp-content\/uploads\/2018\/05\/pexels-photo-326058.jpeg); background-repeat: no-repeat; background-position: center top; background-size: auto;  \"  >\n\t\t\t<div class=\"fw-container\" >\n\t\t<div class=\"fw-row\">\n\t<div id=\"column-6cf1f92a16fdd4e5aeda0a557344441d\" class=\"fw-col-sm-12 tf-sh-6cf1f92a16fdd4e5aeda0a557344441d\" >\n\t<div class=\"fw-main-row-overlay\"><\/div>\n\t<div class=\"fw-col-inner\">\n\t\t<div class=\"fw-divider-space  fw-custom-space  clearfix\" style=\"height:400px;\" ><\/div><div class=\"fw-heading fw-heading-center  fw-heading-with-subtitle tf-sh-4c95374e71858f1899797a7866212380\" >\n\t\t\t<h2 class=\"fw-special-title\">ULRIKE MONTASSER de JONG M.A.<\/h2>\n\t\n\t\n\t\t\t<div class=\"fw-special-subtitle\">GESUNDHEITSCOACHING<\/div>\n\t<\/div><div class=\"fw-divider-space  fw-custom-space  clearfix\" style=\"height:125px;\" ><\/div><div class=\"fw-icon-title fw-icon-title-top clearfix tf-sh-84680df25f77b2cf3a81ac778fa7aea0  fw-content-align-center\" >\n\t\t\t<div class=\"fw-icon-title-name\">\n\t\t\t\t\t\t\t<span class=\"fw-icon-title-icon fw-custom-icon-image\">\n\t\t\t\t\t\t\t\t\t\t\t<a class=\"anchor\" href=\"#first-section\" target=\"_self\">\n\t\t\t\t\t\t\t<img decoding=\"async\" src=\"\/\/stressbewaeltigung-bonn.de\/wp-content\/uploads\/2016\/08\/scroll-down-png.png\" alt=\"\" \/>\t\t\t\t\t\t<\/a>\n\t\t\t\t\t\t\t\t\t<\/span>\n\t\t\t\n\t\t\t\t\t<\/div>\n\t<\/div><div class=\"fw-divider-space  fw-custom-space  clearfix\" style=\"height:192px;\" ><\/div>\t<\/div>\n<\/div><\/div>\n\n\t<\/div>\n\t<\/section><section  id=\"first-section\" class=\" fw-main-row-custom fw-section-no-padding fw-content-overlay-custom auto  tf-sh-89eceb7c9dba46c674c5de6709a4213c \"  style=\"  margin-bottom:-430px; \"  >\n\t\t\t<div class=\"fw-container\" >\n\t\t<div class=\"fw-row\">\n\t<div id=\"column-8a689a52f087be5025da592a67008712\" class=\"fw-col-sm-12 fw-mobile-hide-element tf-sh-8a689a52f087be5025da592a67008712\" >\n\t<div class=\"fw-main-row-overlay\"><\/div>\n\t<div class=\"fw-col-inner\">\n\t\t<div class=\"fw-icon-title fw-icon-title-top clearfix tf-sh-d7f57a50adcc7c2120e70bf2c5ccd177  fw-content-align-center\" >\n\t\t\t<div class=\"fw-icon-title-name\">\n\t\t\t\t\t\t\t<span class=\"fw-icon-title-icon fw-custom-icon-image\">\n\t\t\t\t\t\t\t\t\t\t\t<a class=\"anchor\" href=\"#first-section\" target=\"_self\">\n\t\t\t\t\t\t\t<img decoding=\"async\" src=\"\/\/stressbewaeltigung-bonn.de\/wp-content\/uploads\/2016\/08\/scroll-down-png.png\" alt=\"\" \/>\t\t\t\t\t\t<\/a>\n\t\t\t\t\t\t\t\t\t<\/span>\n\t\t\t\n\t\t\t\t\t<\/div>\n\t<\/div><div class=\"fw-divider-space  fw-custom-space  clearfix\" style=\"height:80px;\" ><\/div>\t<\/div>\n<\/div><\/div>\n\n<div class=\"fw-row\">\n\t<div id=\"column-d55480275a63161637eff74ee58baf87\" class=\"fw-col-sm-3 fw-col-md-4 fw-mobile-hide-element tf-sh-d55480275a63161637eff74ee58baf87  fw-column-height-custom\" style=\"height: 1225px;\">\n\t<div class=\"fw-main-row-overlay\"><\/div>\n\t<div class=\"fw-col-inner\">\n\t\t\t<\/div>\n<\/div><div id=\"column-c5bf945a2b4a823b3b7e4a6f475eab52\" class=\"fw-col-sm-9 fw-col-md-8 tf-sh-c5bf945a2b4a823b3b7e4a6f475eab52\" >\n\t<div class=\"fw-main-row-overlay\"><\/div>\n\t<div class=\"fw-col-inner\">\n\t\t<div class=\"fw-heading fw-heading-left  fw-animated-element tf-sh-782391df0bf97e9400e49827cfbe90e8\"  data-animation-type=\"fadeInUp\" data-animation-delay=\"300\">\n\t\t\t<h4 class=\"fw-special-title\"><span class=\"rotated-section-number\">01.<\/span>Philosophie<\/h4>\n\t\n\t\n\t<\/div><div class=\"fw-divider-space  fw-custom-space  clearfix\" style=\"height:38px;\" ><\/div><div class=\"fw-text-box tf-sh-22fc06e93b181a6bac7f6368dd3bfd58  fw-animated-element\"  data-animation-type=\"fadeInUp\" data-animation-delay=\"300\">\n\t<div class=\"fw-text-inner\">\n\t\t<p>\"Der Verlust eines gesunden Gleichgewichts ist heute allgegenw\u00e4rtig. Ein evidenzbasiertes Gesundheitscoaching kann dem entgegenwirken.\"<\/p>\n<p><span style=\"font-size: 16px; color: #6f6fcb; letter-spacing: 3px;\">Ulrike Montasser de Jong<br \/><\/span><\/p>\n\t<\/div>\n<\/div>\t<div  class=\"fw-divider tf-sh-05fb91588568bcb23a5220a767f17c76  fw-animated-element fw-divider-align-left fw-line-solid fw-divider-line  \"  data-animation-type=\"fadeInUp\" data-animation-delay=\"300\" style=\"width:60px; padding-top:25px; margin-bottom:38px; border-color:#969696;\" ><\/div>\n<div class=\"text-left\">\t<a href=\"https:\/\/stressbewaeltigung-bonn.de\/?page_id=7\" target=\"_self\" class=\"fw-btn tf-sh-cb57c15c36c7e04487bacba201501c02  fw-btn-sm   fw-animated-element fw-btn-1\"  data-animation-type=\"fadeInUp\" data-animation-delay=\"300\" style=\"\">\n\t\t<span >\n\t\t\t\u00a0 MEHR ERFAHREN \u00a0\t\t<\/span>\n\t<\/a>\n<\/div><div class=\"fw-divider-space  fw-custom-space  clearfix\" style=\"height:375px;\" ><\/div>\t<\/div>\n<\/div><\/div>\n\n\t<\/div>\n\t<\/section><section  id=\"section-69e3d88ed20ff\" class=\" fw-main-row  auto  tf-sh-bb02a0401c5e537377fdd4194c3c7142 \"  style=\"   \"  >\n\t\t\t<div class=\"fw-container\" >\n\t\t<div class=\"fw-row\">\n\t<div id=\"column-622ff5e93b4591430c9a075a3ad48795\" class=\"fw-col-sm-12 tf-sh-622ff5e93b4591430c9a075a3ad48795\" >\n\t<div class=\"fw-main-row-overlay\"><\/div>\n\t<div class=\"fw-col-inner\">\n\t\t<div class=\"fw-divider-space space-md  clearfix\"  ><\/div>\t<\/div>\n<\/div><\/div>\n\n\t<\/div>\n\t<\/section><section  id=\"section-69e3d88ed2a9e\" class=\" fw-main-row-custom fw-section-no-padding fw-content-overlay-custom fw_theme_bg_color_3 auto  tf-sh-5e56c07fafce9f0ac1c3fa5fd25ce11c \"  style=\"  margin-bottom:-235px; \"  >\n\t\t\t<div class=\"fw-container-fluid\" >\n\t\t<div class=\"fw-row\">\n\t<div id=\"column-8dc2f5fb37b64014fd0ffbd09da206a7\" class=\"fw-col-sm-12 tf-sh-8dc2f5fb37b64014fd0ffbd09da206a7  fw-col-no-padding\" >\n\t<div class=\"fw-main-row-overlay\"><\/div>\n\t<div class=\"fw-col-inner\">\n\t\t<div class=\"fw-heading fw-heading-left  tf-sh-4a1bfc7bb909e5d3a96372fa6aa1b55b\" >\n\t\t\t<h4 class=\"fw-special-title\"><span class=\"rotated-section-number-3\">02.<\/span><\/h4>\n\t\n\t\n\t<\/div><div class=\"fw-heading fw-heading-right title-services-transparent tf-sh-d7a602314572081943955a7793c52220\" >\n\t\t\t<h1 class=\"fw-special-title\">LEISTUNGEN<\/h1>\n\t\n\t\n\t<\/div><div class=\"fw-divider-space  fw-custom-space  clearfix\" style=\"height:5px;\" ><\/div>\t<div  class=\"fw-divider tf-sh-7ba28e83da2991021ad86da402d65288  fw-divider-align-right fw-line-solid fw-divider-line  \"  style=\"width:1465px; padding-top:0px; margin-bottom:40px; border-color:#4e4d5f;\" ><\/div>\n\t<\/div>\n<\/div><\/div>\n\n<div class=\"fw-row\">\n\t<div id=\"column-12efb01a43a5a613589e9c8bd5b197b1\" class=\"fw-tablet-hide-element fw-col-sm-1-5 fw-mobile-hide-element tf-sh-12efb01a43a5a613589e9c8bd5b197b1\" >\n\t<div class=\"fw-main-row-overlay\"><\/div>\n\t<div class=\"fw-col-inner\">\n\t\t\t<\/div>\n<\/div><div id=\"column-a0e238b8088bbd6436e0a5252f07b251\" class=\"fw-col-sm-4 fw-col-md-1-5 tf-sh-a0e238b8088bbd6436e0a5252f07b251  fw-animated-element fw-col-no-padding\" data-animation-type=\"fadeInUp\" data-animation-delay=\"300\">\n\t<div class=\"fw-main-row-overlay\"><\/div>\n\t<div class=\"fw-col-inner\">\n\t\t<div class=\"fw-divider-space  fw-custom-space  fw-mobile-hide-element clearfix\" style=\"height:90px;\" ><\/div>\t<div class=\"fw-imagebox clearfix fw-imagebox-1 tf-sh-58d8229e969ebcb2220bbd10a9d13a16 text-left   \"  style=\"\">\n\t\t\t\t\t\t\t\t\t\t<div class=\"fw-block-image-parent fw-block-image-left \" style=\"width: 138px;\">\n\t\t\t\t\t\t\t\t\t<div class=\"fw-block-image-child fw-ratio-1 fw-ratio-container\">\n\t\t\t\t\t\t<noscript itemscope itemtype=\"http:\/\/schema.org\/ImageObject\" itemprop=\"image\"><img decoding=\"async\" src=\"https:\/\/stressbewaeltigung-bonn.de\/wp-content\/uploads\/2016\/08\/structure-design-icon.png\"  alt=\"structure-design-icon\" data-maxdpr=\"1.7\" width=\"138\" class=\"lazyload\" \/><meta itemprop=\"url\" content=\"https:\/\/stressbewaeltigung-bonn.de\/wp-content\/uploads\/2016\/08\/structure-design-icon.png\"><meta itemprop=\"width\" content=\"138\"><meta itemprop=\"height\" content=\"138\"><\/noscript><img decoding=\"async\" src=\"data:image\/gif;base64,R0lGODlhAQABAIAAAAAAAP\/\/\/yH5BAEAAAAALAAAAAABAAEAAAIBRAA7\" data-sizes=\"auto\" data-srcset=\"https:\/\/stressbewaeltigung-bonn.de\/wp-content\/uploads\/2016\/08\/structure-design-icon.png 138w\"   alt=\"structure-design-icon\" data-maxdpr=\"1.7\" width=\"138\" class=\"lazyload\" \/>\t\t\t\t\t<\/div>\n\t\t\t\t\t\t\t<\/div>\n\t\t\n\t<div class=\"fw-imagebox-aside\" style=\"padding-right:20px;\">\n\t\t\t\t\t<div class=\"fw-imagebox-title-wrap\">\n\t\t\t\t\t\t\t\t\t<h5 class=\"fw-imagebox-title\">Profilerstellung<\/h5>\n\t\t\t\t\n\t\t\t\t\t\t\t<\/div>\n\t\t\n\t\t\t\t\t<div class=\"fw-imagebox-text\">\n\t\t\t\t<p>Ihr Profil ist die Basis f\u00fcr alle weiteren Ma\u00dfnahmen. Gemeinsam betrachten wir ganzheitlich Ihre Situation und Ziele.<\/p>\t\t\t<\/div>\n\t\t\n\t\t\t<\/div>\n\t<\/div>\n<div class=\"fw-divider-space  fw-custom-space  fw-mobile-hide-element clearfix\" style=\"height:90px;\" ><\/div>\t<\/div>\n<\/div><div id=\"column-23596a78c8e15a08cae5eb11e151b6ca\" class=\"fw-col-sm-4 fw-col-md-1-5 tf-sh-23596a78c8e15a08cae5eb11e151b6ca  fw-animated-element fw-col-no-padding\" data-animation-type=\"fadeInUp\" data-animation-delay=\"500\">\n\t<div class=\"fw-main-row-overlay\"><\/div>\n\t<div class=\"fw-col-inner\">\n\t\t<div class=\"fw-divider-space  fw-custom-space  fw-mobile-hide-element clearfix\" style=\"height:90px;\" ><\/div>\t<div class=\"fw-imagebox clearfix fw-imagebox-1 tf-sh-1f47958e65808ae9ddf97b9aa20ee878 text-left   \"  style=\"\">\n\t\t\t\t\t\t\t\t\t\t<div class=\"fw-block-image-parent fw-block-image-left \" style=\"width: 138px;\">\n\t\t\t\t\t\t\t\t\t<div class=\"fw-block-image-child fw-ratio-1 fw-ratio-container\">\n\t\t\t\t\t\t<noscript itemscope itemtype=\"http:\/\/schema.org\/ImageObject\" itemprop=\"image\"><img decoding=\"async\" src=\"https:\/\/stressbewaeltigung-bonn.de\/wp-content\/uploads\/2016\/08\/interior-design-icon.png\"  alt=\"interior-design-icon\" data-maxdpr=\"1.7\" width=\"138\" class=\"lazyload\" \/><meta itemprop=\"url\" content=\"https:\/\/stressbewaeltigung-bonn.de\/wp-content\/uploads\/2016\/08\/interior-design-icon.png\"><meta itemprop=\"width\" content=\"138\"><meta itemprop=\"height\" content=\"138\"><\/noscript><img decoding=\"async\" src=\"data:image\/gif;base64,R0lGODlhAQABAIAAAAAAAP\/\/\/yH5BAEAAAAALAAAAAABAAEAAAIBRAA7\" data-sizes=\"auto\" data-srcset=\"https:\/\/stressbewaeltigung-bonn.de\/wp-content\/uploads\/2016\/08\/interior-design-icon.png 138w\"   alt=\"interior-design-icon\" data-maxdpr=\"1.7\" width=\"138\" class=\"lazyload\" \/>\t\t\t\t\t<\/div>\n\t\t\t\t\t\t\t<\/div>\n\t\t\n\t<div class=\"fw-imagebox-aside\" style=\"padding-right:20px;\">\n\t\t\t\t\t<div class=\"fw-imagebox-title-wrap\">\n\t\t\t\t\t\t\t\t\t<h5 class=\"fw-imagebox-title\">Ressourcen<\/h5>\n\t\t\t\t\n\t\t\t\t\t\t\t<\/div>\n\t\t\n\t\t\t\t\t<div class=\"fw-imagebox-text\">\n\t\t\t\t<p>Anhand Ihres pers\u00f6nlichen Profils ermitteln wir Ihre Ressourcen und k\u00f6nnen diese gezielt st\u00e4rken.<\/p>\t\t\t<\/div>\n\t\t\n\t\t\t<\/div>\n\t<\/div>\n<div class=\"fw-divider-space  fw-custom-space  fw-mobile-hide-element clearfix\" style=\"height:90px;\" ><\/div>\t<\/div>\n<\/div><div id=\"column-bca85c51df00efb90080c3b781a4330c\" class=\"fw-col-sm-4 fw-col-md-1-5 tf-sh-bca85c51df00efb90080c3b781a4330c  fw-animated-element fw-col-no-padding\" data-animation-type=\"fadeInUp\" data-animation-delay=\"700\">\n\t<div class=\"fw-main-row-overlay\"><\/div>\n\t<div class=\"fw-col-inner\">\n\t\t<div class=\"fw-divider-space  fw-custom-space  fw-mobile-hide-element clearfix\" style=\"height:90px;\" ><\/div>\t<div class=\"fw-imagebox clearfix fw-imagebox-1 tf-sh-45153086904ec7df373b882f513b9725 text-left   \"  style=\"\">\n\t\t\t\t\t\t\t\t\t\t<div class=\"fw-block-image-parent fw-block-image-left \" style=\"width: 138px;\">\n\t\t\t\t\t\t\t\t\t<div class=\"fw-block-image-child fw-ratio-1 fw-ratio-container\">\n\t\t\t\t\t\t<noscript itemscope itemtype=\"http:\/\/schema.org\/ImageObject\" itemprop=\"image\"><img decoding=\"async\" src=\"https:\/\/stressbewaeltigung-bonn.de\/wp-content\/uploads\/2016\/08\/landscape-icon.png\"  alt=\"landscape-icon\" data-maxdpr=\"1.7\" width=\"138\" class=\"lazyload\" \/><meta itemprop=\"url\" content=\"https:\/\/stressbewaeltigung-bonn.de\/wp-content\/uploads\/2016\/08\/landscape-icon.png\"><meta itemprop=\"width\" content=\"138\"><meta itemprop=\"height\" content=\"138\"><\/noscript><img decoding=\"async\" src=\"data:image\/gif;base64,R0lGODlhAQABAIAAAAAAAP\/\/\/yH5BAEAAAAALAAAAAABAAEAAAIBRAA7\" data-sizes=\"auto\" data-srcset=\"https:\/\/stressbewaeltigung-bonn.de\/wp-content\/uploads\/2016\/08\/landscape-icon.png 138w\"   alt=\"landscape-icon\" data-maxdpr=\"1.7\" width=\"138\" class=\"lazyload\" \/>\t\t\t\t\t<\/div>\n\t\t\t\t\t\t\t<\/div>\n\t\t\n\t<div class=\"fw-imagebox-aside\" style=\"padding-right:20px;\">\n\t\t\t\t\t<div class=\"fw-imagebox-title-wrap\">\n\t\t\t\t\t\t\t\t\t<h5 class=\"fw-imagebox-title\">Trainings<\/h5>\n\t\t\t\t\n\t\t\t\t\t\t\t<\/div>\n\t\t\n\t\t\t\t\t<div class=\"fw-imagebox-text\">\n\t\t\t\t<p>In individuellen Trainings lernen Sie, wie Sie Ihre Gesundheitsziele erreichen.<\/p>\t\t\t<\/div>\n\t\t\n\t\t\t<\/div>\n\t<\/div>\n<div class=\"fw-divider-space  fw-custom-space  fw-mobile-hide-element clearfix\" style=\"height:90px;\" ><\/div>\t<\/div>\n<\/div><div id=\"column-c4824033c5a092c3410ae5f7be929948\" class=\"fw-tablet-hide-element fw-col-sm-1-5 fw-mobile-hide-element tf-sh-c4824033c5a092c3410ae5f7be929948\" >\n\t<div class=\"fw-main-row-overlay\"><\/div>\n\t<div class=\"fw-col-inner\">\n\t\t\t<\/div>\n<\/div><\/div>\n\n<div class=\"fw-row\">\n\t<div id=\"column-bf4907313685fa665c031cd16d41dcee\" class=\"fw-col-sm-12 tf-sh-bf4907313685fa665c031cd16d41dcee  fw-col-no-padding\" >\n\t<div class=\"fw-main-row-overlay\"><\/div>\n\t<div class=\"fw-col-inner\">\n\t\t\t<div  class=\"fw-divider tf-sh-d78a959be64933480e4922cb43c47482  fw-divider-align-left fw-line-solid fw-divider-line  \"  style=\"width:1475px; padding-top:40px; margin-bottom:0px; border-color:#4e4d5f;\" ><\/div>\n<div class=\"fw-divider-space  fw-custom-space  clearfix\" style=\"height:205px;\" ><\/div>\t<\/div>\n<\/div><\/div>\n\n\t<\/div>\n\t<\/section><section  id=\"section-69e3d88ed72f9\" class=\" fw-main-row-custom fw-section-no-padding  fw-section-height-custom  tf-sh-a49155a5a640b098e4fb3e9739087292 \"  style=\"   height: 235px;\"  >\n\t\t\t<div class=\"fw-container\" >\n\t\t<div class=\"fw-row\">\n\t<div id=\"column-a0c6fe8ed462f120feb3c551da5b5e07\" class=\"fw-col-sm-12 tf-sh-a0c6fe8ed462f120feb3c551da5b5e07\" >\n\t<div class=\"fw-main-row-overlay\"><\/div>\n\t<div class=\"fw-col-inner\">\n\t\t<div class=\"text-center\">\t<a href=\"https:\/\/stressbewaeltigung-bonn.de\/?page_id=11\" target=\"_self\" class=\"fw-btn tf-sh-1c7f4063c7b1c4eb4220a4ba492d50be  fw-btn-md   fw-btn-1\"  style=\"\">\n\t\t<span >\n\t\t\t\u00a0 \u00a0 \u00a0 MEHR ERFAHREN \u00a0 \u00a0 \u00a0\t\t<\/span>\n\t<\/a>\n<\/div>\t<\/div>\n<\/div><\/div>\n\n<div class=\"fw-row\">\n\t<div id=\"column-3e4850e4370aeea9936eecce14e16e0a\" class=\"fw-tablet-hide-element fw-col-sm-12 fw-desktop-hide-element fw-tablet-landscape-hide-element tf-sh-3e4850e4370aeea9936eecce14e16e0a  fw-col-no-padding\" >\n\t<div class=\"fw-main-row-overlay\"><\/div>\n\t<div class=\"fw-col-inner\">\n\t\t\t<div  class=\"fw-divider tf-sh-ee2f2adaf67374af094498d8d8b3ea28  fw-divider-align-center fw-divider-full-width fw-line-solid fw-divider-line   fw_theme_border_only_color_5\"  style=\"width: auto; padding-top:0px; margin-bottom:0px; \" ><\/div>\n\t<\/div>\n<\/div><\/div>\n\n\t<\/div>\n\t<\/section><section  id=\"section-69e3d88ed80ca\" class=\" fw-main-row-custom fw-section-no-padding  auto  tf-sh-c51853bea7f425211bf4acab2e73cbca \"  style=\"   \"  >\n\t\t\t<div class=\"fw-container\" >\n\t\t<div class=\"fw-row\">\n\t<div id=\"column-d98b875e7f5929b6181f72087502f80b\" class=\"fw-col-sm-12 tf-sh-d98b875e7f5929b6181f72087502f80b  fw-animated-element\" data-animation-type=\"fadeInUp\" data-animation-delay=\"300\">\n\t<div class=\"fw-main-row-overlay\"><\/div>\n\t<div class=\"fw-col-inner\">\n\t\t<div class=\"fw-divider-space  fw-custom-space  clearfix\" style=\"height:90px;\" ><\/div><div class=\"fw-icon-title fw-icon-title-top clearfix tf-sh-83d2fac3cf37d4c47d5b1c1757922891  fw-content-align-center\" >\n\t\t\t<div class=\"fw-icon-title-name\">\n\t\t\t\t\t\t\t<span class=\"fw-icon-title-icon fw-custom-icon-image\">\n\t\t\t\t\t\t\t\t\t\t\t<img decoding=\"async\" src=\"\/\/stressbewaeltigung-bonn.de\/wp-content\/uploads\/2016\/08\/sepparator-contact-title-1.png\" alt=\"\" \/>\t\t\t\t\t\t\t\t\t<\/span>\n\t\t\t\n\t\t\t\t\t<\/div>\n\t<\/div><div class=\"fw-divider-space  fw-custom-space  clearfix\" style=\"height:14px;\" ><\/div><div class=\"fw-heading fw-heading-center  fw-heading-with-subtitle tf-sh-ddfba48c093e40f9d0a03666c85459e4\" >\n\t\n\t\n\t\t\t<div class=\"fw-special-subtitle\">KONTAKT<\/div>\n\t<\/div><div class=\"fw-heading fw-heading-center  tf-sh-6c339930ea50f68c4020deaed7832ed1\" >\n\t\t\t<h2 class=\"fw-special-title\">Ich freue mich auf Ihre Anfrage f\u00fcr ein pers\u00f6nliches Gespr\u00e4ch.<\/h2>\n\t\n\t\n\t<\/div><div class=\"fw-icon-title fw-icon-title-top clearfix tf-sh-ce918648b2862915a092bea057a1aa11  fw-content-align-center\" >\n\t\t\t<div class=\"fw-icon-title-name\">\n\t\t\t\t\t\t\t<span class=\"fw-icon-title-icon fw-custom-icon-image\">\n\t\t\t\t\t\t\t\t\t\t\t<img decoding=\"async\" src=\"\/\/stressbewaeltigung-bonn.de\/wp-content\/uploads\/2016\/08\/sepparator-contact-title-1.png\" alt=\"\" \/>\t\t\t\t\t\t\t\t\t<\/span>\n\t\t\t\n\t\t\t\t\t<\/div>\n\t<\/div><div class=\"fw-divider-space  fw-custom-space  clearfix\" style=\"height:40px;\" ><\/div>\t<\/div>\n<\/div><\/div>\n\n<div class=\"fw-row\">\n\t<div id=\"column-8739dacc66119b64a1964703a7e7f73a\" class=\"fw-col-sm-12 tf-sh-8739dacc66119b64a1964703a7e7f73a contact-form fw-animated-element\" data-animation-type=\"fadeInUp\" data-animation-delay=\"300\">\n\t<div class=\"fw-main-row-overlay\"><\/div>\n\t<div class=\"fw-col-inner\">\n\t\t<div class=\"fw-contact-form tf-sh-d0cd570a362902a248dd7b476891a27b \" data-redirect-page=\"\">\n\t<div class=\"fw-row wrap-forms wrap-contact-forms\">\n\t\t<form data-fw-form-id=\"fw_form\" method=\"post\" action=\"https:\/\/stressbewaeltigung-bonn.de\/index.php?rest_route=%2Fwp%2Fv2%2Fpages%2F4\" class=\"fw_form_fw_form\" data-fw-ext-forms-type=\"contact-forms\"  ><input type=\"hidden\" name=\"fwf\" value=\"fw_form\" \/><input type=\"hidden\" id=\"_nonce_d705f91d4b5cdfd2878f25725266e6eb\" name=\"_nonce_d705f91d4b5cdfd2878f25725266e6eb\" value=\"096be30c87\" \/><input type=\"hidden\" name=\"_wp_http_referer\" value=\"\/index.php?rest_route=%2Fwp%2Fv2%2Fpages%2F4\" \/><input type=\"hidden\" name=\"fw_ext_forms_form_type\" value=\"contact-forms\" \/><input type=\"hidden\" name=\"fw_ext_forms_form_id\" value=\"d0cd570a362902a248dd7b476891a27b\" \/><div class=\"fw-row\"><\/div><div class=\"fw-row\"><div class=\"fw-col-xs-12 fw-col-sm-6 form-builder-item\">\n\t<div class=\"field-text\">\n\t\t\t\t<input type=\"text\" name=\"email_e8fb881\" placeholder=\"Email Addresse:\" value=\"\" id=\"id-1\" >\n\t\t\t<\/div>\n<\/div><div class=\"fw-col-xs-12 fw-col-sm-6 form-builder-item\">\n\t<div class=\"field-text\">\n\t\t\t\t<input type=\"text\" name=\"text_4b16287\" placeholder=\"Telefonnummer:\" value=\"\" id=\"id-2\" >\n\t\t\t<\/div>\n<\/div><\/div><div class=\"fw-row\"><div class=\"fw-col-xs-12 form-builder-item\">\n\t<div class=\"field-text\">\n\t\t\t\t<input type=\"text\" name=\"text_1c91910\" placeholder=\"Betreff:\" value=\"\" id=\"id-3\" >\n\t\t\t<\/div>\n<\/div><\/div><div class=\"fw-row\"><div class=\"fw-col-xs-12 form-builder-item\">\n\t<div class=\"field-textarea\">\n\t\t\t\t\t<label for=\"id-4\">Nachricht:\t\t\t\t\t\t\t<\/label>\n\t\t\t\t<textarea name=\"textarea_10340dd\" placeholder=\"\" id=\"id-4\" ><\/textarea>\n\t\t\t<\/div>\n<\/div><\/div><div class=\"fw-row\"><\/div><div class=\"fw-row\">\n\t\t\t<div class=\"fw-col-sm-12 field-submit text-center\">\n\t\t\t<button type=\"submit\" class=\"fw-btn  fw-btn-lg fw-btn-1\" style=\"\">\n\t\t\t\t<span>\n\t\t\t\t\t\t\t\t\t\t\t\u00a0 \u00a0 Nachricht senden \u00a0 \u00a0\t\t\t\t\t\t\t\t\t<\/span>\n\t\t\t<\/button>\n\t\t<\/div>\n\t<\/div><\/form>\t<\/div>\n<\/div>\t<\/div>\n<\/div><\/div>\n\n<div class=\"fw-row\">\n\t<div id=\"column-bf8f846a3140a4d1601e09776311feaf\" class=\"fw-col-sm-12 tf-sh-bf8f846a3140a4d1601e09776311feaf  fw-animated-element\" data-animation-type=\"fadeInUp\" data-animation-delay=\"300\">\n\t<div class=\"fw-main-row-overlay\"><\/div>\n\t<div class=\"fw-col-inner\">\n\t\t<div class=\"fw-heading fw-heading-center  tf-sh-e984c9a6d94c7ccd3112af3f1352aa90\" >\n\t\t\t<h6 class=\"fw-special-title\">Praxis f\u00fcr Gesundheitscoaching Bonn <\/br> Beethovenallee 14b, 53173 Bonn <a href=\"#\" style=\"color: #6f6fcb;\"><\/a><\/h6>\n\t\n\t\n\t<\/div>\t<\/div>\n<\/div><\/div>\n\n\t<\/div>\n\t<\/section><\/p>\n","protected":false},"excerpt":{"rendered":"<p>ULRIKE MONTASSER de JONG M.A. GESUNDHEITSCOACHING 01.Philosophie &#8222;Der Verlust eines gesunden Gleichgewichts ist heute allgegenw\u00e4rtig. Ein evidenzbasiertes Gesundheitscoaching kann dem entgegenwirken.&#8220; Ulrike Montasser de Jong \u00a0 MEHR ERFAHREN \u00a0 02. LEISTUNGEN Profilerstellung Ihr Profil ist die Basis f\u00fcr alle weiteren Ma\u00dfnahmen. Gemeinsam betrachten wir ganzheitlich Ihre Situation und Ziele. Ressourcen Anhand Ihres pers\u00f6nlichen Profils ermitteln [&hellip;]<\/p>\n","protected":false},"author":1,"featured_media":0,"parent":0,"menu_order":0,"comment_status":"closed","ping_status":"closed","template":"visual-builder-template.php","meta":{"footnotes":""},"class_list":["post-4","page","type-page","status-publish","hentry"],"_links":{"self":[{"href":"https:\/\/stressbewaeltigung-bonn.de\/index.php?rest_route=\/wp\/v2\/pages\/4"}],"collection":[{"href":"https:\/\/stressbewaeltigung-bonn.de\/index.php?rest_route=\/wp\/v2\/pages"}],"about":[{"href":"https:\/\/stressbewaeltigung-bonn.de\/index.php?rest_route=\/wp\/v2\/types\/page"}],"author":[{"embeddable":true,"href":"https:\/\/stressbewaeltigung-bonn.de\/index.php?rest_route=\/wp\/v2\/users\/1"}],"replies":[{"embeddable":true,"href":"https:\/\/stressbewaeltigung-bonn.de\/index.php?rest_route=%2Fwp%2Fv2%2Fcomments&post=4"}],"version-history":[{"count":58,"href":"https:\/\/stressbewaeltigung-bonn.de\/index.php?rest_route=\/wp\/v2\/pages\/4\/revisions"}],"predecessor-version":[{"id":724,"href":"https:\/\/stressbewaeltigung-bonn.de\/index.php?rest_route=\/wp\/v2\/pages\/4\/revisions\/724"}],"wp:attachment":[{"href":"https:\/\/stressbewaeltigung-bonn.de\/index.php?rest_route=%2Fwp%2Fv2%2Fmedia&parent=4"}],"curies":[{"name":"wp","href":"https:\/\/api.w.org\/{rel}","templated":true}]}}