{"id":11,"date":"2016-08-26T10:12:59","date_gmt":"2016-08-26T10:12:59","guid":{"rendered":"http:\/\/stressbewaeltigung-bonn.de\/?page_id=11"},"modified":"2018-07-04T07:10:21","modified_gmt":"2018-07-04T07:10:21","slug":"services","status":"publish","type":"page","link":"https:\/\/stressbewaeltigung-bonn.de\/?page_id=11","title":{"rendered":"LEISTUNGEN"},"content":{"rendered":"<p><section  id=\"section-69e3ee5571507\" class=\" fw-main-row-custom fw-main-row-top fw-section-no-padding  fw_theme_bg_fw-custom fw-section-image fw-section-height-custom  tf-sh-a63c50d4c1804b11db5888610f7edacf \"  style=\"  background-image:url(http:\/\/stressbewaeltigung-bonn.de\/wp-content\/uploads\/2018\/06\/IMG_4579.jpg); background-repeat: no-repeat; background-position: center top; background-size: auto;  height: 975px;\"  >\n\t\t\t<div class=\"fw-container\" >\n\t\t<div class=\"fw-row\">\n\t<div id=\"column-6cf1f92a16fdd4e5aeda0a557344441d\" class=\"fw-col-sm-12 tf-sh-6cf1f92a16fdd4e5aeda0a557344441d\" >\n\t<div class=\"fw-main-row-overlay\"><\/div>\n\t<div class=\"fw-col-inner\">\n\t\t<div class=\"fw-divider-space  fw-custom-space  clearfix\" style=\"height:460px;\" ><\/div><div class=\"fw-heading fw-heading-center  fw-heading-with-subtitle tf-sh-4c95374e71858f1899797a7866212380\" >\n\t\t\t<h2 class=\"fw-special-title\">ULRIKE MONTASSER de JONG M.A.<\/h2>\n\t\n\t\n\t\t\t<div class=\"fw-special-subtitle\">GESUNDHEITSCOACHING<\/div>\n\t<\/div><div class=\"fw-divider-space  fw-custom-space  clearfix\" style=\"height:125px;\" ><\/div><div class=\"fw-icon-title fw-icon-title-top clearfix tf-sh-84680df25f77b2cf3a81ac778fa7aea0  fw-content-align-center\" >\n\t\t\t<div class=\"fw-icon-title-name\">\n\t\t\t\t\t\t\t<span class=\"fw-icon-title-icon fw-custom-icon-image\">\n\t\t\t\t\t\t\t\t\t\t\t<a class=\"anchor\" href=\"#first-section\" target=\"_self\">\n\t\t\t\t\t\t\t<img decoding=\"async\" src=\"\/\/stressbewaeltigung-bonn.de\/wp-content\/uploads\/2016\/08\/scroll-down-png.png\" alt=\"\" \/>\t\t\t\t\t\t<\/a>\n\t\t\t\t\t\t\t\t\t<\/span>\n\t\t\t\n\t\t\t\t\t<\/div>\n\t<\/div><div class=\"fw-divider-space  fw-custom-space  clearfix\" style=\"height:192px;\" ><\/div>\t<\/div>\n<\/div><\/div>\n\n\t<\/div>\n\t<\/section><section  id=\"first-section\" class=\" fw-main-row-custom fw-section-no-padding  auto  tf-sh-8df37d5aae60e4dbd9f1410f6b65e648 \"  style=\"background-color:#eeeeee;   \"  >\n\t\t\t<div class=\"fw-container\" >\n\t\t<div class=\"fw-row\">\n\t<div id=\"column-071f4820e2ce439c7fe0556f5d3883ef\" class=\"fw-col-sm-9 tf-sh-071f4820e2ce439c7fe0556f5d3883ef  fw-animated-element\" data-animation-type=\"fadeInUp\" data-animation-delay=\"300\">\n\t<div class=\"fw-main-row-overlay\"><\/div>\n\t<div class=\"fw-col-inner\">\n\t\t<div class=\"fw-divider-space  fw-custom-space  fw-mobile-hide-element clearfix\" style=\"height:155px;\" ><\/div><div class=\"fw-heading fw-heading-left  tf-sh-992524e2797ae8209319ec6a91fb5532\" >\n\t\t\t<h2 class=\"fw-special-title\">LEISTUNGEN<\/h2>\n\t\n\t\n\t<\/div><div class=\"fw-divider-space  fw-custom-space  fw-mobile-hide-element clearfix\" style=\"height:35px;\" ><\/div><div class=\"fw-text-box tf-sh-2bf4cab77292f0d37e0dbec06f4c58a4 \" >\n\t<div class=\"fw-text-inner\">\n\t\t<p>Alle Leistungen sind individuell auf Sie zugeschnitten. Ihr Profil und Ihre Ressourcen stehen im Vordergrund.<\/p>\n\t<\/div>\n<\/div><div class=\"fw-divider-space  fw-custom-space  fw-mobile-hide-element clearfix\" style=\"height:120px;\" ><\/div>\t<\/div>\n<\/div><\/div>\n\n<div class=\"fw-row\">\n\t<div id=\"column-4461f83b0f21ca036f1ef79b9272f95f\" class=\"fw-col-sm-6 tf-sh-4461f83b0f21ca036f1ef79b9272f95f works-responsive-height fw-column-height-custom fw-animated-element fw-col-no-padding\" data-animation-type=\"fadeInUp\" data-animation-delay=\"300\"  style=\"height: 690px;\">\n\t<div class=\"fw-main-row-overlay\"><\/div>\n\t<div class=\"fw-col-inner\">\n\t\t\n\t\n\t\t<div class=\"fw-block-image-parent  fw-block-image-center\"  style=\"width: 138px; \">\n\t\t\t<span class=\"fw-block-image-child fw-ratio-1 fw-ratio-container\">\n\t\t\t\t<noscript itemscope itemtype=\"http:\/\/schema.org\/ImageObject\" itemprop=\"image\"><img decoding=\"async\" src=\"https:\/\/stressbewaeltigung-bonn.de\/wp-content\/uploads\/2016\/08\/structure-design-icon.png\"  alt=\"structure-design-icon\" data-maxdpr=\"1.7\" width=\"138\" class=\"lazyload\" \/><meta itemprop=\"url\" content=\"https:\/\/stressbewaeltigung-bonn.de\/wp-content\/uploads\/2016\/08\/structure-design-icon.png\"><meta itemprop=\"width\" content=\"138\"><meta itemprop=\"height\" content=\"138\"><\/noscript><img decoding=\"async\" src=\"data:image\/gif;base64,R0lGODlhAQABAIAAAAAAAP\/\/\/yH5BAEAAAAALAAAAAABAAEAAAIBRAA7\" data-sizes=\"auto\" data-srcset=\"https:\/\/stressbewaeltigung-bonn.de\/wp-content\/uploads\/2016\/08\/structure-design-icon.png 138w\"   alt=\"structure-design-icon\" data-maxdpr=\"1.7\" width=\"138\" class=\"lazyload\" \/>\t\t\t\t\t\t\t<\/span>\n\t\t<\/div>\n\n\t\n\t<\/div>\n<\/div><div id=\"column-0a2848357735dd7d395932cdee119d70\" class=\"fw-col-sm-6 tf-sh-0a2848357735dd7d395932cdee119d70 works-responsive-height fw-column-height-custom fw-animated-element fw-col-no-padding\" data-animation-type=\"fadeInUp\" data-animation-delay=\"300\"  style=\"height: 690px;\">\n\t<div class=\"fw-main-row-overlay\"><\/div>\n\t<div class=\"fw-col-inner\">\n\t\t<div class=\"fw-divider-space  fw-custom-space  fw-tablet-hide-element fw-mobile-hide-element clearfix\" style=\"height:100px;\" ><\/div><div class=\"fw-heading fw-heading-center  fw-heading-with-subtitle tf-sh-b7a75f25b28deba48f9fd2eeb1e0f881\" >\n\t\n\t\n\t\t\t<div class=\"fw-special-subtitle\">PROFILERSTELLUNG<\/div>\n\t<\/div><div class=\"fw-divider-space  fw-custom-space  fw-tablet-hide-element clearfix\" style=\"height:35px;\" ><\/div><div class=\"fw-divider-space  fw-custom-space  fw-desktop-hide-element fw-tablet-landscape-hide-element fw-mobile-hide-element clearfix\" style=\"height:20px;\" ><\/div><div class=\"fw-text-box tf-sh-e0a8dce3e3222d7a9d863e3a7dc74589 \" >\n\t<div class=\"fw-text-inner\">\n\t\t<p style=\"text-align: center;\">Anhand Ihrer Symptome und Ihrer Lebenssituation erstellen wir ein individuelles Profil.<\/p>\n<p style=\"text-align: center;\">Durch das \"Eisbergmodell\" betrachten wir gemeinsam, was sich oberfl\u00e4chlich zeigt und ergr\u00fcnden auch die darunter liegenden Schichten.<\/p>\n\t<\/div>\n<\/div><div class=\"fw-divider-space  fw-custom-space  fw-tablet-hide-element clearfix\" style=\"height:65px;\" ><\/div><div class=\"fw-divider-space  fw-custom-space  fw-desktop-hide-element fw-tablet-landscape-hide-element fw-mobile-hide-element clearfix\" style=\"height:35px;\" ><\/div><div class=\"text-center\">\t<a href=\"https:\/\/stressbewaeltigung-bonn.de\/?page_id=13\" target=\"_self\" class=\"fw-btn tf-sh-428e6b882d5b67a68e57c7331b2da917  fw-btn-sm   fw-btn-3\"  style=\"\">\n\t\t<span >\n\t\t\tKONTAKT\t\t<\/span>\n\t<\/a>\n<\/div>\t<\/div>\n<\/div><\/div>\n\n<div class=\"fw-row\">\n\t<div id=\"column-31acbef840a9ab1bb1342df6527ba40a\" class=\"fw-col-sm-12 tf-sh-31acbef840a9ab1bb1342df6527ba40a\" >\n\t<div class=\"fw-main-row-overlay\"><\/div>\n\t<div class=\"fw-col-inner\">\n\t\t<div class=\"fw-divider-space  fw-custom-space  clearfix\" style=\"height:90px;\" ><\/div>\t<\/div>\n<\/div><\/div>\n\n<div class=\"fw-row\">\n\t<div id=\"column-ae5293727d1882ab665b437d968a6822\" class=\"fw-col-sm-6 tf-sh-ae5293727d1882ab665b437d968a6822 works-responsive-height fw-column-height-custom fw-animated-element fw-col-no-padding\" data-animation-type=\"fadeInUp\" data-animation-delay=\"300\"  style=\"height: 690px;\">\n\t<div class=\"fw-main-row-overlay\"><\/div>\n\t<div class=\"fw-col-inner\">\n\t\t<div class=\"fw-divider-space  fw-custom-space  fw-tablet-hide-element fw-mobile-hide-element clearfix\" style=\"height:100px;\" ><\/div><div class=\"fw-heading fw-heading-center  fw-heading-with-subtitle tf-sh-83e81c3c1545d04bdeeeff62370d7ee6\" >\n\t\n\t\n\t\t\t<div class=\"fw-special-subtitle\">RESSOURCEN<\/div>\n\t<\/div><div class=\"fw-divider-space  fw-custom-space  fw-tablet-hide-element clearfix\" style=\"height:35px;\" ><\/div><div class=\"fw-divider-space  fw-custom-space  fw-desktop-hide-element fw-tablet-landscape-hide-element fw-mobile-hide-element clearfix\" style=\"height:20px;\" ><\/div><div class=\"fw-text-box tf-sh-ebdd0d99a5c3e64df9e25d5a2f8de7dc \" >\n\t<div class=\"fw-text-inner\">\n\t\t<p style=\"text-align: center;\">Aufbauend auf Ihrem pers\u00f6nlichen Profil, verschaffen wir uns eine \u00dcbersicht \u00fcber Ihre Ressourcen. Dies sind \"weiche Faktoren\", die Ihren Umgang mit allt\u00e4glichen Situationen definieren. Zum Beispiel der Umgang mit Stress und ihren inneren Antreibern.<\/p>\n<p style=\"text-align: center;\">Mit dem Wissen \u00fcber Ihre Ressourcen, k\u00f6nnen Sie zuk\u00fcnftige Situationen gezielter angehen.<\/p>\n\t<\/div>\n<\/div><div class=\"fw-divider-space  fw-custom-space  fw-tablet-hide-element clearfix\" style=\"height:65px;\" ><\/div><div class=\"fw-divider-space  fw-custom-space  fw-desktop-hide-element fw-tablet-landscape-hide-element fw-mobile-hide-element clearfix\" style=\"height:35px;\" ><\/div><div class=\"text-center\">\t<a href=\"https:\/\/stressbewaeltigung-bonn.de\/?page_id=13\" target=\"_self\" class=\"fw-btn tf-sh-03972f14880677059c998e7d4cd7fa02  fw-btn-sm   fw-btn-3\"  style=\"\">\n\t\t<span >\n\t\t\tKONTAKT\t\t<\/span>\n\t<\/a>\n<\/div>\t<\/div>\n<\/div><div id=\"column-1a157f1029bad9114ef9aaf6613cff6c\" class=\"fw-col-sm-6 tf-sh-1a157f1029bad9114ef9aaf6613cff6c works-responsive-height fw-column-height-custom fw-animated-element fw-col-no-padding\" data-animation-type=\"fadeInUp\" data-animation-delay=\"300\"  style=\"height: 690px;\">\n\t<div class=\"fw-main-row-overlay\"><\/div>\n\t<div class=\"fw-col-inner\">\n\t\t\n\t\n\t\t<div class=\"fw-block-image-parent  fw-block-image-center\"  style=\"width: 138px; \">\n\t\t\t<span class=\"fw-block-image-child fw-ratio-1 fw-ratio-container\">\n\t\t\t\t<noscript itemscope itemtype=\"http:\/\/schema.org\/ImageObject\" itemprop=\"image\"><img decoding=\"async\" src=\"https:\/\/stressbewaeltigung-bonn.de\/wp-content\/uploads\/2016\/08\/interior-design-icon.png\"  alt=\"interior-design-icon\" data-maxdpr=\"1.7\" width=\"138\" class=\"lazyload\" \/><meta itemprop=\"url\" content=\"https:\/\/stressbewaeltigung-bonn.de\/wp-content\/uploads\/2016\/08\/interior-design-icon.png\"><meta itemprop=\"width\" content=\"138\"><meta itemprop=\"height\" content=\"138\"><\/noscript><img decoding=\"async\" src=\"data:image\/gif;base64,R0lGODlhAQABAIAAAAAAAP\/\/\/yH5BAEAAAAALAAAAAABAAEAAAIBRAA7\" data-sizes=\"auto\" data-srcset=\"https:\/\/stressbewaeltigung-bonn.de\/wp-content\/uploads\/2016\/08\/interior-design-icon.png 138w\"   alt=\"interior-design-icon\" data-maxdpr=\"1.7\" width=\"138\" class=\"lazyload\" \/>\t\t\t\t\t\t\t<\/span>\n\t\t<\/div>\n\n\t\n\t<\/div>\n<\/div><\/div>\n\n<div class=\"fw-row\">\n\t<div id=\"column-f95df25edc23ce44a790dec3e8a5badb\" class=\"fw-col-sm-12 tf-sh-f95df25edc23ce44a790dec3e8a5badb  fw-col-no-padding\" >\n\t<div class=\"fw-main-row-overlay\"><\/div>\n\t<div class=\"fw-col-inner\">\n\t\t<div class=\"fw-divider-space  fw-custom-space  clearfix\" style=\"height:90px;\" ><\/div>\t<\/div>\n<\/div><\/div>\n\n<div class=\"fw-row\">\n\t<div id=\"column-56e83a8c6d6736401818aa2da66f53ca\" class=\"fw-col-sm-6 tf-sh-56e83a8c6d6736401818aa2da66f53ca works-responsive-height fw-column-height-custom fw-animated-element fw-col-no-padding\" data-animation-type=\"fadeInUp\" data-animation-delay=\"300\"  style=\"height: 690px;\">\n\t<div class=\"fw-main-row-overlay\"><\/div>\n\t<div class=\"fw-col-inner\">\n\t\t\n\t\n\t\t<div class=\"fw-block-image-parent  fw-block-image-center\"  style=\"width: 138px; \">\n\t\t\t<span class=\"fw-block-image-child fw-ratio-1 fw-ratio-container\">\n\t\t\t\t<noscript itemscope itemtype=\"http:\/\/schema.org\/ImageObject\" itemprop=\"image\"><img decoding=\"async\" src=\"https:\/\/stressbewaeltigung-bonn.de\/wp-content\/uploads\/2016\/08\/landscape-icon.png\"  alt=\"landscape-icon\" data-maxdpr=\"1.7\" width=\"138\" class=\"lazyload\" \/><meta itemprop=\"url\" content=\"https:\/\/stressbewaeltigung-bonn.de\/wp-content\/uploads\/2016\/08\/landscape-icon.png\"><meta itemprop=\"width\" content=\"138\"><meta itemprop=\"height\" content=\"138\"><\/noscript><img decoding=\"async\" src=\"data:image\/gif;base64,R0lGODlhAQABAIAAAAAAAP\/\/\/yH5BAEAAAAALAAAAAABAAEAAAIBRAA7\" data-sizes=\"auto\" data-srcset=\"https:\/\/stressbewaeltigung-bonn.de\/wp-content\/uploads\/2016\/08\/landscape-icon.png 138w\"   alt=\"landscape-icon\" data-maxdpr=\"1.7\" width=\"138\" class=\"lazyload\" \/>\t\t\t\t\t\t\t<\/span>\n\t\t<\/div>\n\n\t\n\t<\/div>\n<\/div><div id=\"column-1a93e4893c9155540aaf38d9ad176df5\" class=\"fw-col-sm-6 tf-sh-1a93e4893c9155540aaf38d9ad176df5 works-responsive-height fw-column-height-custom fw-animated-element fw-col-no-padding\" data-animation-type=\"fadeInUp\" data-animation-delay=\"300\"  style=\"height: 690px;\">\n\t<div class=\"fw-main-row-overlay\"><\/div>\n\t<div class=\"fw-col-inner\">\n\t\t<div class=\"fw-divider-space  fw-custom-space  fw-tablet-hide-element fw-mobile-hide-element clearfix\" style=\"height:100px;\" ><\/div><div class=\"fw-heading fw-heading-center  fw-heading-with-subtitle tf-sh-5cb61595f6989e21820f38bc69e410a3\" >\n\t\n\t\n\t\t\t<div class=\"fw-special-subtitle\">TRAININGS<\/div>\n\t<\/div><div class=\"fw-divider-space  fw-custom-space  fw-tablet-hide-element clearfix\" style=\"height:35px;\" ><\/div><div class=\"fw-divider-space  fw-custom-space  fw-desktop-hide-element fw-tablet-landscape-hide-element fw-mobile-hide-element clearfix\" style=\"height:20px;\" ><\/div><div class=\"fw-text-box tf-sh-a1ca43a57b518444c65db7d7c1252d74 \" >\n\t<div class=\"fw-text-inner\">\n\t\t<p style=\"text-align: center;\">Aus einem reichen Arsenal an Trainingsmethoden w\u00e4hlen wir die f\u00fcr Ihre Situation passende aus. So k\u00f6nnen Sie den gesunden Umgang mit besonderen und allt\u00e4glichen Anforderungen erproben und festigen.<\/p>\n\t<\/div>\n<\/div><div class=\"fw-divider-space  fw-custom-space  fw-tablet-hide-element clearfix\" style=\"height:65px;\" ><\/div><div class=\"fw-divider-space  fw-custom-space  fw-desktop-hide-element fw-tablet-landscape-hide-element fw-mobile-hide-element clearfix\" style=\"height:35px;\" ><\/div><div class=\"text-center\">\t<a href=\"https:\/\/stressbewaeltigung-bonn.de\/?page_id=13\" target=\"_self\" class=\"fw-btn tf-sh-19e541283aa57aa13e80b55e169c80cd  fw-btn-sm   fw-btn-3\"  style=\"\">\n\t\t<span >\n\t\t\tKONTAKT\t\t<\/span>\n\t<\/a>\n<\/div>\t<\/div>\n<\/div><\/div>\n\n<div class=\"fw-row\">\n\t<div id=\"column-aeb2e325d68bd4a80f07e2bff764ab87\" class=\"fw-col-sm-12 tf-sh-aeb2e325d68bd4a80f07e2bff764ab87  fw-col-no-padding\" >\n\t<div class=\"fw-main-row-overlay\"><\/div>\n\t<div class=\"fw-col-inner\">\n\t\t<div class=\"fw-divider-space  fw-custom-space  clearfix\" style=\"height:90px;\" ><\/div>\t<\/div>\n<\/div><\/div>\n\n\t<\/div>\n\t<\/section><section  id=\"section-69e3ee5575692\" class=\" fw-main-row-custom fw-section-no-padding  auto  tf-sh-c51853bea7f425211bf4acab2e73cbca \"  style=\"   \"  >\n\t\t\t<div class=\"fw-container\" >\n\t\t<div class=\"fw-row\">\n\t<div id=\"column-d98b875e7f5929b6181f72087502f80b\" class=\"fw-col-sm-12 tf-sh-d98b875e7f5929b6181f72087502f80b  fw-animated-element\" data-animation-type=\"fadeInUp\" data-animation-delay=\"300\">\n\t<div class=\"fw-main-row-overlay\"><\/div>\n\t<div class=\"fw-col-inner\">\n\t\t<div class=\"fw-divider-space  fw-custom-space  clearfix\" style=\"height:90px;\" ><\/div><div class=\"fw-icon-title fw-icon-title-top clearfix tf-sh-83d2fac3cf37d4c47d5b1c1757922891  fw-content-align-center\" >\n\t\t\t<div class=\"fw-icon-title-name\">\n\t\t\t\t\t\t\t<span class=\"fw-icon-title-icon fw-custom-icon-image\">\n\t\t\t\t\t\t\t\t\t\t\t<img decoding=\"async\" src=\"\/\/stressbewaeltigung-bonn.de\/wp-content\/uploads\/2016\/08\/sepparator-contact-title-1.png\" alt=\"\" \/>\t\t\t\t\t\t\t\t\t<\/span>\n\t\t\t\n\t\t\t\t\t<\/div>\n\t<\/div><div class=\"fw-divider-space  fw-custom-space  clearfix\" style=\"height:14px;\" ><\/div><div class=\"fw-heading fw-heading-center  fw-heading-with-subtitle tf-sh-ddfba48c093e40f9d0a03666c85459e4\" >\n\t\n\t\n\t\t\t<div class=\"fw-special-subtitle\">KONTAKT<\/div>\n\t<\/div><div class=\"fw-heading fw-heading-center  tf-sh-6c339930ea50f68c4020deaed7832ed1\" >\n\t\t\t<h2 class=\"fw-special-title\">Ich freue mich auf Ihre Anfrage f\u00fcr ein pers\u00f6nliches Gespr\u00e4ch.<\/h2>\n\t\n\t\n\t<\/div><div class=\"fw-icon-title fw-icon-title-top clearfix tf-sh-ce918648b2862915a092bea057a1aa11  fw-content-align-center\" >\n\t\t\t<div class=\"fw-icon-title-name\">\n\t\t\t\t\t\t\t<span class=\"fw-icon-title-icon fw-custom-icon-image\">\n\t\t\t\t\t\t\t\t\t\t\t<img decoding=\"async\" src=\"\/\/stressbewaeltigung-bonn.de\/wp-content\/uploads\/2016\/08\/sepparator-contact-title-1.png\" alt=\"\" \/>\t\t\t\t\t\t\t\t\t<\/span>\n\t\t\t\n\t\t\t\t\t<\/div>\n\t<\/div><div class=\"fw-divider-space  fw-custom-space  clearfix\" style=\"height:40px;\" ><\/div>\t<\/div>\n<\/div><\/div>\n\n<div class=\"fw-row\">\n\t<div id=\"column-8739dacc66119b64a1964703a7e7f73a\" class=\"fw-col-sm-12 tf-sh-8739dacc66119b64a1964703a7e7f73a contact-form fw-animated-element\" data-animation-type=\"fadeInUp\" data-animation-delay=\"300\">\n\t<div class=\"fw-main-row-overlay\"><\/div>\n\t<div class=\"fw-col-inner\">\n\t\t<div class=\"fw-contact-form tf-sh-d0cd570a362902a248dd7b476891a27b \" data-redirect-page=\"\">\n\t<div class=\"fw-row wrap-forms wrap-contact-forms\">\n\t\t<form data-fw-form-id=\"fw_form\" method=\"post\" action=\"https:\/\/stressbewaeltigung-bonn.de\/index.php?rest_route=%2Fwp%2Fv2%2Fpages%2F11\" class=\"fw_form_fw_form\" data-fw-ext-forms-type=\"contact-forms\"  ><input type=\"hidden\" name=\"fwf\" value=\"fw_form\" \/><input type=\"hidden\" id=\"_nonce_d705f91d4b5cdfd2878f25725266e6eb\" name=\"_nonce_d705f91d4b5cdfd2878f25725266e6eb\" value=\"096be30c87\" \/><input type=\"hidden\" name=\"_wp_http_referer\" value=\"\/index.php?rest_route=%2Fwp%2Fv2%2Fpages%2F11\" \/><input type=\"hidden\" name=\"fw_ext_forms_form_type\" value=\"contact-forms\" \/><input type=\"hidden\" name=\"fw_ext_forms_form_id\" value=\"d0cd570a362902a248dd7b476891a27b\" \/><div class=\"fw-row\"><\/div><div class=\"fw-row\"><div class=\"fw-col-xs-12 fw-col-sm-6 form-builder-item\">\n\t<div class=\"field-text\">\n\t\t\t\t<input type=\"text\" name=\"email_e8fb881\" placeholder=\"Email Addresse:\" value=\"\" id=\"id-1\" >\n\t\t\t<\/div>\n<\/div><div class=\"fw-col-xs-12 fw-col-sm-6 form-builder-item\">\n\t<div class=\"field-text\">\n\t\t\t\t<input type=\"text\" name=\"text_4b16287\" placeholder=\"Telefonnummer:\" value=\"\" id=\"id-2\" >\n\t\t\t<\/div>\n<\/div><\/div><div class=\"fw-row\"><div class=\"fw-col-xs-12 form-builder-item\">\n\t<div class=\"field-text\">\n\t\t\t\t<input type=\"text\" name=\"text_1c91910\" placeholder=\"Betreff:\" value=\"\" id=\"id-3\" >\n\t\t\t<\/div>\n<\/div><\/div><div class=\"fw-row\"><div class=\"fw-col-xs-12 form-builder-item\">\n\t<div class=\"field-textarea\">\n\t\t\t\t\t<label for=\"id-4\">Nachricht:\t\t\t\t\t\t\t<\/label>\n\t\t\t\t<textarea name=\"textarea_10340dd\" placeholder=\"\" id=\"id-4\" ><\/textarea>\n\t\t\t<\/div>\n<\/div><\/div><div class=\"fw-row\"><\/div><div class=\"fw-row\">\n\t\t\t<div class=\"fw-col-sm-12 field-submit text-center\">\n\t\t\t<button type=\"submit\" class=\"fw-btn  fw-btn-lg fw-btn-1\" style=\"\">\n\t\t\t\t<span>\n\t\t\t\t\t\t\t\t\t\t\t\u00a0 \u00a0 Nachricht senden \u00a0 \u00a0\t\t\t\t\t\t\t\t\t<\/span>\n\t\t\t<\/button>\n\t\t<\/div>\n\t<\/div><\/form>\t<\/div>\n<\/div>\t<\/div>\n<\/div><\/div>\n\n<div class=\"fw-row\">\n\t<div id=\"column-bf8f846a3140a4d1601e09776311feaf\" class=\"fw-col-sm-12 tf-sh-bf8f846a3140a4d1601e09776311feaf  fw-animated-element\" data-animation-type=\"fadeInUp\" data-animation-delay=\"300\">\n\t<div class=\"fw-main-row-overlay\"><\/div>\n\t<div class=\"fw-col-inner\">\n\t\t<div class=\"fw-heading fw-heading-center  tf-sh-e984c9a6d94c7ccd3112af3f1352aa90\" >\n\t\t\t<h6 class=\"fw-special-title\">Praxis f\u00fcr Gesundheitscoaching Bonn <\/br> Beethovenallee 14b, 53173 Bonn <a href=\"#\" style=\"color: #6f6fcb;\"><\/a><\/h6>\n\t\n\t\n\t<\/div>\t<\/div>\n<\/div><\/div>\n\n\t<\/div>\n\t<\/section><\/p>\n","protected":false},"excerpt":{"rendered":"<p>ULRIKE MONTASSER de JONG M.A. GESUNDHEITSCOACHING LEISTUNGEN Alle Leistungen sind individuell auf Sie zugeschnitten. Ihr Profil und Ihre Ressourcen stehen im Vordergrund. PROFILERSTELLUNG Anhand Ihrer Symptome und Ihrer Lebenssituation erstellen wir ein individuelles Profil. Durch das &#8222;Eisbergmodell&#8220; betrachten wir gemeinsam, was sich oberfl\u00e4chlich zeigt und ergr\u00fcnden auch die darunter liegenden Schichten. KONTAKT RESSOURCEN Aufbauend auf [&hellip;]<\/p>\n","protected":false},"author":1,"featured_media":0,"parent":0,"menu_order":0,"comment_status":"closed","ping_status":"closed","template":"visual-builder-template.php","meta":{"footnotes":""},"class_list":["post-11","page","type-page","status-publish","hentry"],"_links":{"self":[{"href":"https:\/\/stressbewaeltigung-bonn.de\/index.php?rest_route=\/wp\/v2\/pages\/11"}],"collection":[{"href":"https:\/\/stressbewaeltigung-bonn.de\/index.php?rest_route=\/wp\/v2\/pages"}],"about":[{"href":"https:\/\/stressbewaeltigung-bonn.de\/index.php?rest_route=\/wp\/v2\/types\/page"}],"author":[{"embeddable":true,"href":"https:\/\/stressbewaeltigung-bonn.de\/index.php?rest_route=\/wp\/v2\/users\/1"}],"replies":[{"embeddable":true,"href":"https:\/\/stressbewaeltigung-bonn.de\/index.php?rest_route=%2Fwp%2Fv2%2Fcomments&post=11"}],"version-history":[{"count":38,"href":"https:\/\/stressbewaeltigung-bonn.de\/index.php?rest_route=\/wp\/v2\/pages\/11\/revisions"}],"predecessor-version":[{"id":770,"href":"https:\/\/stressbewaeltigung-bonn.de\/index.php?rest_route=\/wp\/v2\/pages\/11\/revisions\/770"}],"wp:attachment":[{"href":"https:\/\/stressbewaeltigung-bonn.de\/index.php?rest_route=%2Fwp%2Fv2%2Fmedia&parent=11"}],"curies":[{"name":"wp","href":"https:\/\/api.w.org\/{rel}","templated":true}]}}